{"id":2,"date":"2017-08-02T21:19:18","date_gmt":"2017-08-02T19:19:18","guid":{"rendered":"http:\/\/ventdedos.ch\/wordpress\/?page_id=2"},"modified":"2017-09-09T21:18:02","modified_gmt":"2017-09-09T19:18:02","slug":"contact","status":"publish","type":"page","link":"https:\/\/ventdedos.ch\/wordpress\/contact\/","title":{"rendered":"Contact"},"content":{"rendered":"<div class=\"row text-left padding-bottom-30\">\n<div class=\"col-sm-6 wow fadeInLeft\" style=\"visibility: visible; animation-name: fadeInLeft;\">\n<h2 class=\"section-heading padding-bottom-30 wow zoomIn\" style=\"visibility: visible; animation-name: zoomIn;\">Envie de <span>participer<\/span> \u00e0 notre voyage ?<\/h2>\n<p>Vous avez envie de participer \u00e0 notre voyage et vous ne savez pas comment ? N&rsquo;h\u00e9sitez pas \u00e0 d\u00e9poser quelque chose dans notre bourse de voyage en suivant les points suivants :<\/p>\n<ul>\n<li>Utilisez nos cordonn\u00e9es bancaires ci-dessous :<\/br><br \/>\n<center><strong>CH90 0024 3243 1055 8040 W<\/strong><br \/>\nDaniel Molla &#038; Vanessa Santi<br \/>\n1008 Prilly<\/center><\/br>\n<\/li>\n<li>Indiquez dans le motif de versement \u00e0 quoi celui-ci est destin\u00e9 (un repas, un ap\u00e9ro, une nuit d&rsquo;h\u00f4tel, etc.).<\/li>\n<li>Envoyez-nous un petit message via le formulaire ci-joint avec vos coordonn\u00e9es afin que l&rsquo;on puisse vous remercier comme il se doit !<\/li>\n<\/ul>\n<p>En vous remerciant d&rsquo;avance,<\/p>\n<p>Van &amp; Dan<\/p>\n<\/div>\n<div class=\"col-sm-6 wow fadeInRight\" style=\"visibility: visible; animation-name: fadeInRight;\">\n<h2 class=\"section-heading padding-bottom-30 wow zoomIn\" style=\"visibility: visible; animation-name: zoomIn;\">Envie de nous <span>contacter<\/span> ?<\/h2>\n<div role=\"form\" class=\"wpcf7\" id=\"wpcf7-f207-o1\" lang=\"fr-FR\" dir=\"ltr\">\n<div class=\"screen-reader-response\"><p role=\"status\" aria-live=\"polite\" aria-atomic=\"true\"><\/p> <ul><\/ul><\/div>\n<form action=\"\/wordpress\/wp-json\/wp\/v2\/pages\/2#wpcf7-f207-o1\" method=\"post\" class=\"wpcf7-form init\" novalidate=\"novalidate\" data-status=\"init\">\n<div style=\"display: none;\">\n<input type=\"hidden\" name=\"_wpcf7\" value=\"207\" \/>\n<input type=\"hidden\" name=\"_wpcf7_version\" value=\"5.4\" \/>\n<input type=\"hidden\" name=\"_wpcf7_locale\" value=\"fr_FR\" \/>\n<input type=\"hidden\" name=\"_wpcf7_unit_tag\" value=\"wpcf7-f207-o1\" \/>\n<input type=\"hidden\" name=\"_wpcf7_container_post\" value=\"0\" \/>\n<input type=\"hidden\" name=\"_wpcf7_posted_data_hash\" value=\"\" \/>\n<\/div>\n<p><label> Votre nom<br \/>\n    <span class=\"wpcf7-form-control-wrap your-name\"><input type=\"text\" name=\"your-name\" value=\"\" size=\"40\" class=\"wpcf7-form-control wpcf7-text wpcf7-validates-as-required\" aria-required=\"true\" aria-invalid=\"false\" \/><\/span> <\/label><\/p>\n<p><label> Votre e-mail<br \/>\n    <span class=\"wpcf7-form-control-wrap your-email\"><input type=\"email\" name=\"your-email\" value=\"\" size=\"40\" class=\"wpcf7-form-control wpcf7-text wpcf7-email wpcf7-validates-as-required wpcf7-validates-as-email\" aria-required=\"true\" aria-invalid=\"false\" \/><\/span> <\/label><\/p>\n<p><label> Sujet<br \/>\n    <span class=\"wpcf7-form-control-wrap your-subject\"><input type=\"text\" name=\"your-subject\" value=\"\" size=\"40\" class=\"wpcf7-form-control wpcf7-text wpcf7-validates-as-required\" aria-required=\"true\" aria-invalid=\"false\" \/><\/span> <\/label><\/p>\n<p><label> Votre message<br \/>\n    <span class=\"wpcf7-form-control-wrap your-message\"><textarea name=\"your-message\" cols=\"40\" rows=\"10\" class=\"wpcf7-form-control wpcf7-textarea wpcf7-validates-as-required\" aria-required=\"true\" aria-invalid=\"false\"><\/textarea><\/span> <\/label><\/p>\n<p>[recaptcha]<\/p>\n<p><input type=\"submit\" value=\"Envoyer\" class=\"wpcf7-form-control wpcf7-submit\" \/><\/p>\n<div class=\"wpcf7-response-output\" aria-hidden=\"true\"><\/div><\/form><\/div>\n<\/div>\n<\/div>\n","protected":false},"excerpt":{"rendered":"<p>Envie de participer \u00e0 notre voyage ? Vous avez envie de participer \u00e0 notre voyage et vous ne savez pas comment ? N&rsquo;h\u00e9sitez pas \u00e0 d\u00e9poser quelque chose dans notre bourse de voyage en suivant les points suivants : Utilisez nos cordonn\u00e9es bancaires ci-dessous : CH90 0024 3243 1055 8040 W Daniel Molla &#038; Vanessa [&hellip;]<\/p>\n","protected":false},"author":1,"featured_media":0,"parent":0,"menu_order":0,"comment_status":"closed","ping_status":"open","template":"","meta":[],"_links":{"self":[{"href":"https:\/\/ventdedos.ch\/wordpress\/wp-json\/wp\/v2\/pages\/2"}],"collection":[{"href":"https:\/\/ventdedos.ch\/wordpress\/wp-json\/wp\/v2\/pages"}],"about":[{"href":"https:\/\/ventdedos.ch\/wordpress\/wp-json\/wp\/v2\/types\/page"}],"author":[{"embeddable":true,"href":"https:\/\/ventdedos.ch\/wordpress\/wp-json\/wp\/v2\/users\/1"}],"replies":[{"embeddable":true,"href":"https:\/\/ventdedos.ch\/wordpress\/wp-json\/wp\/v2\/comments?post=2"}],"version-history":[{"count":39,"href":"https:\/\/ventdedos.ch\/wordpress\/wp-json\/wp\/v2\/pages\/2\/revisions"}],"predecessor-version":[{"id":293,"href":"https:\/\/ventdedos.ch\/wordpress\/wp-json\/wp\/v2\/pages\/2\/revisions\/293"}],"wp:attachment":[{"href":"https:\/\/ventdedos.ch\/wordpress\/wp-json\/wp\/v2\/media?parent=2"}],"curies":[{"name":"wp","href":"https:\/\/api.w.org\/{rel}","templated":true}]}}